{"id":14,"date":"2019-11-24T20:59:02","date_gmt":"2019-11-25T01:59:02","guid":{"rendered":"https:\/\/par-ndbc-olgc.ca\/English\/?page_id=14"},"modified":"2025-12-04T08:53:51","modified_gmt":"2025-12-04T13:53:51","slug":"home","status":"publish","type":"page","link":"https:\/\/par-ndbc-olgc.ca\/English\/","title":{"rendered":"Home"},"content":{"rendered":"\n<p class=\"has-text-align-center has-large-font-size\"><strong><em>Our celebrants<\/em><\/strong><\/p>\n\n\n\n<p><\/p>\n\n\n\n<p><\/p>\n\n\n\n<p class=\"has-text-align-center\" style=\"font-size:25px\"><strong>Jacques Lamoureux, pastor<\/strong><\/p>\n\n\n\n<p class=\"has-text-align-center\" style=\"font-size:22px\"><strong>Michel Le Brun, permanent deacon<\/strong><\/p>\n\n\n\n<p class=\"has-text-align-center\" style=\"font-size:22px\"><strong>G\u00e9rard St-Pierre, assistant priest <\/strong><\/p>\n\n\n\n<p class=\"has-text-align-center\" style=\"font-size:22px\"><strong>Jean Girard, assistant priest<\/strong><\/p>\n\n\n\n<p class=\"has-text-align-center\" style=\"font-size:22px\"><strong>Marie-Th\u00e9r\u00e8se Besner &#8211; Pastoral agent for Liturgy of the word of God (in french)<\/strong><\/p>\n\n\n\n<p class=\"has-text-align-center\" style=\"font-size:22px\"><strong>Louis Poirier &#8211; Pastoral agent for Liturgy of the word of God (in english)<\/strong><\/p>\n\n\n\n<p class=\"has-text-align-center\" style=\"font-size:32px\"><strong><em>CELEBRATIONS<\/em><\/strong><\/p>\n\n\n\n<p class=\"has-medium-font-size\"><\/p>\n\n\n\n<p class=\"has-luminous-vivid-orange-color has-text-color\" style=\"font-size:25px\"><\/p>\n\n\n\n<p><\/p>\n\n\n\n<p class=\"has-medium-font-size\"><\/p>\n\n\n\n<p><\/p>\n\n\n\n<p class=\"has-text-align-center has-vivid-purple-color has-text-color\" style=\"font-size:27px\"><\/p>\n\n\n\n<p><\/p>\n\n\n\n<p class=\"has-vivid-green-cyan-color has-text-color\" style=\"font-size:28px\"><strong>Mass schedule: Tuesday  at 9h00 am, in french &#8211; the first Saturday of each month at 9h30<\/strong> <strong>in french<\/strong><\/p>\n\n\n\n<p class=\"has-luminous-vivid-orange-color has-text-color\" style=\"font-size:18px\"><\/p>\n\n\n\n<p class=\"has-vivid-purple-color has-text-color\" style=\"font-size:22px\"><\/p>\n\n\n\n<p class=\"has-vivid-purple-color has-text-color\" style=\"font-size:25px\"><\/p>\n\n\n\n<p><\/p>\n\n\n\n<p style=\"font-size:25px\"><\/p>\n\n\n\n<p style=\"font-size:28px\"><\/p>\n\n\n\n<p class=\"has-text-align-center has-vivid-red-color has-text-color has-link-color wp-elements-86575141cd574811fea1fdcfa41af55d\" style=\"font-size:35px\"><strong>SUNDAY MASS  AT 9H00 AM<\/strong> &#8211; <strong>French and english (Bilingue-bilingual)<\/strong><\/p>\n\n\n\n<p class=\"has-text-align-center has-vivid-cyan-blue-color has-text-color has-link-color wp-elements-3dbd0eeff476e3f1bb2cc926d4836eec\" style=\"font-size:35px\"><strong>For the parish bulletin and other activities: <\/strong><\/p>\n\n\n\n<p class=\"has-text-align-center has-vivid-cyan-blue-color has-text-color has-link-color wp-elements-9df63208dff3e07bce5308d021c8db56\" style=\"font-size:35px\"><strong>Please check the web site: egliseenmarche.org <\/strong><\/p>\n\n\n\n<p class=\"has-text-align-center has-vivid-red-color has-white-background-color has-text-color has-background has-link-color wp-elements-272f1279018acdf2c59c779a9e858efb\" style=\"font-size:28px\"><\/p>\n\n\n\n<p class=\"has-black-color has-text-color has-link-color wp-elements-e4de432e08035d846301df1d2f69541e\" style=\"font-size:27px\"><\/p>\n\n\n\n<p style=\"font-size:22px\"><\/p>\n\n\n\n<p class=\"has-very-dark-gray-color has-text-color\" style=\"font-size:21px\"><\/p>\n\n\n\n<p class=\"has-text-align-center has-vivid-purple-color has-text-color\" style=\"font-size:23px\"><\/p>\n\n\n\n<p class=\"has-vivid-red-color has-text-color\" style=\"font-size:22px\"><\/p>\n\n\n\n<p class=\"has-vivid-green-cyan-color has-text-color\" style=\"font-size:22px\"><\/p>\n\n\n\n<p class=\"has-vivid-green-cyan-color has-text-color\" style=\"font-size:22px\"><\/p>\n\n\n\n<p class=\"has-text-align-center\" style=\"font-size:26px\"><strong>Our Family thrift store is open Wednesday and Thursday: 13h00 to 17h30 &#8211; Friday: Closed  AND Saturday, from 10h to 13h &#8211; 315 chemin Ozias-Leduc (near Comtois street), Otterburn Park &#8211; Phone number: 450 446-5522<\/strong><\/p>\n\n\n\n<p class=\"has-vivid-red-color has-text-color has-medium-font-size\"><\/p>\n\n\n\n<p class=\"has-text-align-center has-vivid-green-cyan-color has-text-color\" style=\"font-size:24px\"><strong><em>It&#8217;s time to pay your tithing. Be generous as we have to do many expensive repairs this year! <\/em><\/strong><\/p>\n\n\n\n<p class=\"has-text-align-center has-vivid-green-cyan-color has-text-color\" style=\"font-size:24px\"><strong><em>For your donation, you can do it by clicking on &#8220;Contribute&#8221; tab of the website<\/em><\/strong><\/p>\n\n\n\n<p class=\"has-text-align-center has-vivid-green-cyan-color has-text-color\" style=\"font-size:24px\"><strong><em>Thank you for keeping your parish alive! <\/em><\/strong><\/p>\n\n\n\n<p class=\"has-text-align-center has-vivid-green-cyan-color has-text-color\" style=\"font-size:24px\"><a href=\"https:\/\/par-ndbc-olgc.ca\/English\/wp-content\/uploads\/2024\/06\/2024-FEUILLET-PAROISSIAL-Du-15-au-28-JUIN-SITE-WEB.pdf\" target=\"_blank\" rel=\"noreferrer noopener\"> <\/a><a href=\"https:\/\/par-ndbc-olgc.ca\/English\/wp-content\/uploads\/2025\/08\/2025-FEUILLET-PAROISSIAL-17-AOUT-AU-7-SEPTEMBRE-Mme-Veilleux-BONNE-VERSION-A.pdf\" target=\"_blank\" rel=\"noreferrer noopener\">Parish Bulletin.pdf<\/a><\/p>\n\n\n\n<p><\/p>\n\n\n\n<p class=\"has-vivid-red-color has-text-color\" style=\"font-size:22px\"><strong><em> <\/em><\/strong><\/p>\n\n\n\n<p class=\"has-vivid-red-color has-text-color\" style=\"font-size:22px\"><\/p>\n\n\n\n<p><\/p>\n\n\n\n<pre class=\"wp-block-preformatted\"> <\/pre>\n\n\n\n<p style=\"font-size:22px\"> <br><\/p>\n\n\n\n<pre class=\"wp-block-preformatted\"><\/pre>\n\n\n\n<p style=\"font-size:22px\"><\/p>\n\n\n\n<p style=\"font-size:22px\"><strong> <\/strong><\/p>\n\n\n\n<p class=\"has-text-align-center has-vivid-cyan-blue-color has-very-light-gray-background-color has-text-color has-background has-medium-font-size\"><\/p>\n\n\n<p><!--EndFragment--><\/p>\n\n\n<p><\/p>\n","protected":false},"excerpt":{"rendered":"<p>Our celebrants Jacques Lamoureux, pastor Michel Le Brun, permanent deacon G\u00e9rard St-Pierre, assistant priest Jean Girard, assistant priest Marie-Th\u00e9r\u00e8se Besner &#8211; Pastoral agent for Liturgy of the word of God (in french) Louis Poirier &#8211; Pastoral agent for Liturgy of the word of God (in english) CELEBRATIONS Mass schedule: Tuesday at 9h00 am, in french&hellip;<\/p>\n<p class=\"more-link\"><a href=\"https:\/\/par-ndbc-olgc.ca\/English\/\" class=\"themebutton\">Read More<\/a><\/p>\n","protected":false},"author":1,"featured_media":0,"parent":0,"menu_order":0,"comment_status":"closed","ping_status":"closed","template":"","meta":{"footnotes":""},"class_list":["post-14","page","type-page","status-publish","hentry"],"_links":{"self":[{"href":"https:\/\/par-ndbc-olgc.ca\/English\/wp-json\/wp\/v2\/pages\/14","targetHints":{"allow":["GET"]}}],"collection":[{"href":"https:\/\/par-ndbc-olgc.ca\/English\/wp-json\/wp\/v2\/pages"}],"about":[{"href":"https:\/\/par-ndbc-olgc.ca\/English\/wp-json\/wp\/v2\/types\/page"}],"author":[{"embeddable":true,"href":"https:\/\/par-ndbc-olgc.ca\/English\/wp-json\/wp\/v2\/users\/1"}],"replies":[{"embeddable":true,"href":"https:\/\/par-ndbc-olgc.ca\/English\/wp-json\/wp\/v2\/comments?post=14"}],"version-history":[{"count":315,"href":"https:\/\/par-ndbc-olgc.ca\/English\/wp-json\/wp\/v2\/pages\/14\/revisions"}],"predecessor-version":[{"id":912,"href":"https:\/\/par-ndbc-olgc.ca\/English\/wp-json\/wp\/v2\/pages\/14\/revisions\/912"}],"wp:attachment":[{"href":"https:\/\/par-ndbc-olgc.ca\/English\/wp-json\/wp\/v2\/media?parent=14"}],"curies":[{"name":"wp","href":"https:\/\/api.w.org\/{rel}","templated":true}]}}